{"id":3989,"date":"2020-07-16T06:42:52","date_gmt":"2020-07-16T06:42:52","guid":{"rendered":"https:\/\/scalex.com\/de\/?page_id=3989"},"modified":"2020-07-25T08:34:35","modified_gmt":"2020-07-25T08:34:35","slug":"home","status":"publish","type":"page","link":"https:\/\/scalex.com\/de\/","title":{"rendered":"Home"},"content":{"rendered":"<p><div class=\"builder-section col-lg-12 home_banner row-fullwidth-item\" >\n\n    \n<div class=\"row section-header space\">\n\n         \n                        <div class=\"section-without-space\">\n                        \n                                                                        \n\n                                        \n                                <\/div> \n\n                            <\/div>\n    \n<div class=\"row\">\n\n    <div class=\"col-lg-max  builder-img\">\n                        <span id=\"image-8072\"  >   \n                                                                <img loading=\"lazy\" decoding=\"async\" class=\"builder-image lazy\" src=\"https:\/\/scalex.com\/de\/wp-content\/uploads\/2020\/07\/Banner-de.jpg\"  alt=\"\" title=\"\" height=\"251\" width=\"1176\"\/>  \n                                    <\/span>\n                                            <\/div>\n<\/div>\n \n<\/div><div class=\"builder-section col-lg-12 home-sec2 \" >\n\n    \n<div class=\"row section-header space\">\n\n         \n                        <div class=\"section-without-space\">\n                        \n                                                                        \n\n                                        \n                                <\/div> \n\n                            <\/div>\n    \n<div class=\"row\">\n    <div class=\"col-lg-12\">\n        <div >\n         <\/p>\n<h2 style=\"text-align: center;\">Digital, Distance Measuring &amp; Counting Tools for Construction Estimating &amp; Map Enthusiasts<\/h2>\n<p style=\"text-align: center;\"><span class=\"orange-text\">Scalex Corporation <\/span>ist der weltf\u00fchrende Hersteller von digitalen Entwurfsmessinstrumente. Diese innovativen Werkzeuge entnehmen ma\u00dfstabsgerechte Messungen von Landkarten, Entwurfe und Werkszeichnungen in praktisch jeder Skala.<\/p>\n<p>        <\/div>\n    <\/div>\n<\/div>\n\n<\/div><div class=\"builder-section col-lg-12 home-sec3 \" >\n\n    \n<div class=\"row section-header space\">\n\n         \n                        <div class=\"section-without-space\">\n                        \n                                                                        \n\n                                        \n                                <\/div> \n\n                            <\/div>\n    \n<div class=\"row\">\n    <div class=\"col-lg-12\">\n        <div >\n         <\/p>\n<div class=\"feature-list-grid\">\n<div class=\"left-list\">\n<div class=\"title-grid\">\n<h3>Scalex PlanWheel:<\/h3>\n<\/div>\n<p>Vermessungs- und Z\u00e4hlwerkzeug f\u00fcr Architekten, Ingenieure, Bauunternehmer und viele mehr<\/p>\n<p>Sie werden kein besseres Werkzeug finden um Blaupausen, Architekturzeichnungen und Landschaftspl\u00e4ne zu messen. Es ist ideal um Baukosten abzusch\u00e4tzen und vieles mehr. PlanWheel misst in Zoll, Fu\u00df, Yards, Meilen, Zentimeter, Meter und Kilometer.<\/p>\n<ul>\n<li>Die Scalex Planwheel Produktlinie umfasst die Planwheel SA2, die Planwheel XLU3, Scale-Link USB 3 und die neue Waage-Link Wireless 3.<\/li>\n<li>Messen Sie Pl\u00e4ne in jeder Skala, einschlie\u00dflich Skalen f\u00fcr Architekturen und Ingenieure oder erstellen Sie Ihre eigene Skala falls Sie unter den 111 eingebauten Skalen keine geeignette finden.<\/li>\n<li>Bietet eine Z\u00e4hlertaste und eine Adder Taste zum schnellen Hinzuf\u00fcgen von standardisierten L\u00e4ngen.<\/li>\n<li><strong>Architekten: <\/strong> Die Scalex PlanWheel Produkt Linie biete das perfekte Lineal f\u00fcr Architekten<\/li>\n<li><strong>Ingenieure: <\/strong> Die Scalex PlanWheel Produkt Linie biete das perfekte Lineal f\u00fcr Ingenieure<\/li>\n<\/ul>\n<\/div>\n<div class=\"right-list\">\n<div class=\"title-grid\">\n<h3>Scalex MapWheel:<\/h3>\n<\/div>\n<p>Karten Messung f\u00fcr Wanderer, Radfahrer, Wassersportler und viele mehr.<\/p>\n<p>Das kompakt n\u00fctzliche Messger\u00e4t zur Kartenabmessung von Stra\u00dfen, Forstwirtschaft und topographischen Karten ist leicht verstaubar im Rucksack oder Handschuhfach. Es ist ideal f\u00fcr die Vorbereitung Ihres n\u00e4chsten Abenteuers. MapWheel misst in Meilen, Kilometer sowie nautische Meilen.<strong> (MapWheel ist nicht f\u00fcr den Einsatz zum Messen von Blaupausen gedacht. F\u00fcr diesen Zweck schauen Sie sich unsere PlanWheel Produktlinie an)<\/strong><\/p>\n<ul>\n<li>Messen Sie Ihre Route auf jeder Karte mit PlanWheel<\/li>\n<li>Mit seinem erschwinglichen Preis ist der MapWheel das perfekte Geschenkt f\u00fcr den begeisterten Wanderer\u201c<\/li>\n<li>Der einfache Weg um Karten zu messen!<\/li>\n<\/ul>\n<\/div>\n<\/div>\n<div class=\"comparison-grid chart\"><a class=\"comparison-link\" href=\"https:\/\/scalex.com\/de\/comparison-chart\/\">See Comparison Chart<\/a><\/div>\n<p>        <\/div>\n    <\/div>\n<\/div>\n\n<\/div><div class=\"builder-section col-lg-12 home-sec4 row-fullwidth-item\" >\n\n    \n<div class=\"row section-header space\">\n\n         \n                        <div class=\"section-without-space\">\n                        \n                                                                        \n\n                                        \n                                <\/div> \n\n                            <\/div>\n    \n<div class=\"row\">\n\n    <div class=\"col-lg-max  builder-img\">\n                        <span id=\"image-8568\"  >   \n                                                                <img loading=\"lazy\" decoding=\"async\" class=\"builder-image lazy\" src=\"https:\/\/scalex.com\/de\/wp-content\/uploads\/2020\/07\/Background-de.jpg\"  alt=\"\" title=\"\" height=\"589\" width=\"1176\"\/>  \n                                    <\/span>\n                                            <\/div>\n<\/div>\n \n<\/div><div class=\"builder-section col-lg-12 home-sec5 home-sec6 \" >\n\n    \n<div class=\"row section-header space\">\n\n         \n                        <div class=\"section-without-space\">\n                        \n                                                                        \n\n                                        \n                                <\/div> \n\n                            <\/div>\n    \n<div class=\"row\">\n    <div class=\"col-lg-12\">\n        <div >\n         <\/p>\n<div class=\"product-grid\">\n<div class=\"sec-title\">\n<h3 style=\"text-align: center;\">Products<\/h3>\n<\/div>\n\t<div class=\"product-slider-wrap\">\n\t\t<ul class=\"product-slider-grid\">\n\t\t\t\t\t\t\t<li>\n\t\t\t\t\t\t\t\t\t\t<div class=\"product-image-grid\">\n\t\t\t\t\t\t<a href=\"https:\/\/scalex.com\/de\/product\/planwheel-interface-kit\/\" title=\"produt-image\">\n\t\t\t\t\t\t\t\t\t\t\t\t\t\t<img decoding=\"async\" src=\"https:\/\/scalex.com\/de\/wp-content\/uploads\/2016\/08\/xlu2_interfacekit.jpg\">\n\t\t\t\t\t\t<\/a>\n\t\t\t\t\t<\/div>\n\t\t\t\t\t<div class=\"product-title\">\n\t\t\t\t\t\t<a href=\"https:\/\/scalex.com\/de\/product\/planwheel-interface-kit\/\" title=\"produt-title\"><h3>PlanWheel Interface Kit<\/h3><\/a>\n\t\t\t\t\t<\/div>\n\t\t\t\t\t<div class=\"cart-btn\"><a href=\"https:\/\/scalex.com\/de\/?add-to-cart=3400\">Add to cart<\/a><\/div>\n\t\t\t\t<\/li>\n\t\t\t\t\t\t\t<li>\n\t\t\t\t\t\t\t\t\t\t<div class=\"product-image-grid\">\n\t\t\t\t\t\t<a href=\"https:\/\/scalex.com\/de\/product\/protective-case\/\" title=\"produt-image\">\n\t\t\t\t\t\t\t\t\t\t\t\t\t\t<img decoding=\"async\" src=\"https:\/\/scalex.com\/de\/wp-content\/uploads\/2016\/08\/ProtectiveCase_white.jpg\">\n\t\t\t\t\t\t<\/a>\n\t\t\t\t\t<\/div>\n\t\t\t\t\t<div class=\"product-title\">\n\t\t\t\t\t\t<a href=\"https:\/\/scalex.com\/de\/product\/protective-case\/\" title=\"produt-title\"><h3>Protective Case<\/h3><\/a>\n\t\t\t\t\t<\/div>\n\t\t\t\t\t<div class=\"cart-btn\"><a href=\"https:\/\/scalex.com\/de\/?add-to-cart=3399\">Add to cart<\/a><\/div>\n\t\t\t\t<\/li>\n\t\t\t\t\t\t\t<li>\n\t\t\t\t\t\t\t\t\t\t<div class=\"product-image-grid\">\n\t\t\t\t\t\t<a href=\"https:\/\/scalex.com\/de\/product\/scale-link-usb-3\/\" title=\"produt-image\">\n\t\t\t\t\t\t\t\t\t\t\t\t\t\t<img decoding=\"async\" src=\"https:\/\/scalex.com\/de\/wp-content\/uploads\/2016\/08\/scalelink-usb-3.jpg\">\n\t\t\t\t\t\t<\/a>\n\t\t\t\t\t<\/div>\n\t\t\t\t\t<div class=\"product-title\">\n\t\t\t\t\t\t<a href=\"https:\/\/scalex.com\/de\/product\/scale-link-usb-3\/\" title=\"produt-title\"><h3>Scale-Link USB3<\/h3><\/a>\n\t\t\t\t\t<\/div>\n\t\t\t\t\t<div class=\"cart-btn\"><a href=\"https:\/\/scalex.com\/de\/?add-to-cart=3398\">Add to cart<\/a><\/div>\n\t\t\t\t<\/li>\n\t\t\t\t\t\t\t<li>\n\t\t\t\t\t\t\t\t\t\t<div class=\"product-image-grid\">\n\t\t\t\t\t\t<a href=\"https:\/\/scalex.com\/de\/product\/scale-link-wireless-3\/\" title=\"produt-image\">\n\t\t\t\t\t\t\t\t\t\t\t\t\t\t<img decoding=\"async\" src=\"https:\/\/scalex.com\/de\/wp-content\/uploads\/2016\/08\/Scalelink-Wireless.jpg\">\n\t\t\t\t\t\t<\/a>\n\t\t\t\t\t<\/div>\n\t\t\t\t\t<div class=\"product-title\">\n\t\t\t\t\t\t<a href=\"https:\/\/scalex.com\/de\/product\/scale-link-wireless-3\/\" title=\"produt-title\"><h3>Scale-Link Wireless 3<\/h3><\/a>\n\t\t\t\t\t<\/div>\n\t\t\t\t\t<div class=\"cart-btn\"><a href=\"https:\/\/scalex.com\/de\/?add-to-cart=3397\">Add to cart<\/a><\/div>\n\t\t\t\t<\/li>\n\t\t\t\t\t\t\t<li>\n\t\t\t\t\t\t\t\t\t\t<div class=\"product-image-grid\">\n\t\t\t\t\t\t<a href=\"https:\/\/scalex.com\/de\/product\/mapwheel\/\" title=\"produt-image\">\n\t\t\t\t\t\t\t\t\t\t\t\t\t\t<img decoding=\"async\" src=\"https:\/\/scalex.com\/de\/wp-content\/uploads\/2016\/08\/mapwheel.jpg\">\n\t\t\t\t\t\t<\/a>\n\t\t\t\t\t<\/div>\n\t\t\t\t\t<div class=\"product-title\">\n\t\t\t\t\t\t<a href=\"https:\/\/scalex.com\/de\/product\/mapwheel\/\" title=\"produt-title\"><h3>MapWheel<\/h3><\/a>\n\t\t\t\t\t<\/div>\n\t\t\t\t\t<div class=\"cart-btn\"><a href=\"https:\/\/scalex.com\/de\/?add-to-cart=3396\">Add to cart<\/a><\/div>\n\t\t\t\t<\/li>\n\t\t\t\t\t\t\t<li>\n\t\t\t\t\t\t\t\t\t\t<div class=\"product-image-grid\">\n\t\t\t\t\t\t<a href=\"https:\/\/scalex.com\/de\/product\/planwheel-sa2\/\" title=\"produt-image\">\n\t\t\t\t\t\t\t\t\t\t\t\t\t\t<img decoding=\"async\" src=\"https:\/\/scalex.com\/de\/wp-content\/uploads\/2016\/08\/planwheelsa2.jpg\">\n\t\t\t\t\t\t<\/a>\n\t\t\t\t\t<\/div>\n\t\t\t\t\t<div class=\"product-title\">\n\t\t\t\t\t\t<a href=\"https:\/\/scalex.com\/de\/product\/planwheel-sa2\/\" title=\"produt-title\"><h3>PlanWheel SA2<\/h3><\/a>\n\t\t\t\t\t<\/div>\n\t\t\t\t\t<div class=\"cart-btn\"><a href=\"https:\/\/scalex.com\/de\/?add-to-cart=3395\">Add to cart<\/a><\/div>\n\t\t\t\t<\/li>\n\t\t\t\t\t\t\t<li>\n\t\t\t\t\t\t\t\t\t\t<div class=\"product-image-grid\">\n\t\t\t\t\t\t<a href=\"https:\/\/scalex.com\/de\/product\/planwheelxlu3\/\" title=\"produt-image\">\n\t\t\t\t\t\t\t\t\t\t\t\t\t\t<img decoding=\"async\" src=\"https:\/\/scalex.com\/de\/wp-content\/uploads\/2016\/08\/planwheelxl3.jpg\">\n\t\t\t\t\t\t<\/a>\n\t\t\t\t\t<\/div>\n\t\t\t\t\t<div class=\"product-title\">\n\t\t\t\t\t\t<a href=\"https:\/\/scalex.com\/de\/product\/planwheelxlu3\/\" title=\"produt-title\"><h3>PlanWheel XLU3<\/h3><\/a>\n\t\t\t\t\t<\/div>\n\t\t\t\t\t<div class=\"cart-btn\"><a href=\"https:\/\/scalex.com\/de\/?add-to-cart=3394\">Add to cart<\/a><\/div>\n\t\t\t\t<\/li>\n\t\t\t\t\t<\/ul>\n\t<\/div>\n<\/div>\n<p>        <\/div>\n    <\/div>\n<\/div>\n\n<\/div><\/p>\n","protected":false},"excerpt":{"rendered":"<p>PlanWheel XLU ist das perfekte Werkzeug um Ma\u00dfstabsmessungen von Blaupausen, Karten und Entw\u00fcrfe zu entnehmen. Einfach den passenden Ma\u00dfstabsfaktor ausw\u00e4hlen und dann den PlanWheel \u00fcber den Entwurf rollen. Das Ergebnis wird sofort angezeigt. Das Ger\u00e4t ist tragbar und wird mit zwei AAA Batterien betrieben (mitgeliefert). \u00a0Verbinden Sie es mit Ihrem Computer durch die optionale Interface-Ausstattung.<\/p>\n","protected":false},"author":8,"featured_media":0,"parent":0,"menu_order":0,"comment_status":"closed","ping_status":"closed","template":"","meta":{"footnotes":""},"_links":{"self":[{"href":"https:\/\/scalex.com\/de\/wp-json\/wp\/v2\/pages\/3989"}],"collection":[{"href":"https:\/\/scalex.com\/de\/wp-json\/wp\/v2\/pages"}],"about":[{"href":"https:\/\/scalex.com\/de\/wp-json\/wp\/v2\/types\/page"}],"author":[{"embeddable":true,"href":"https:\/\/scalex.com\/de\/wp-json\/wp\/v2\/users\/8"}],"replies":[{"embeddable":true,"href":"https:\/\/scalex.com\/de\/wp-json\/wp\/v2\/comments?post=3989"}],"version-history":[{"count":18,"href":"https:\/\/scalex.com\/de\/wp-json\/wp\/v2\/pages\/3989\/revisions"}],"predecessor-version":[{"id":4035,"href":"https:\/\/scalex.com\/de\/wp-json\/wp\/v2\/pages\/3989\/revisions\/4035"}],"wp:attachment":[{"href":"https:\/\/scalex.com\/de\/wp-json\/wp\/v2\/media?parent=3989"}],"curies":[{"name":"wp","href":"https:\/\/api.w.org\/{rel}","templated":true}]}}