{"id":3394,"date":"2016-08-06T21:43:43","date_gmt":"2016-08-06T21:43:43","guid":{"rendered":"http:\/\/wearink.com\/scalex\/product\/planwheelxlu3\/"},"modified":"2024-10-29T15:45:00","modified_gmt":"2024-10-29T15:45:00","slug":"planwheelxlu3","status":"publish","type":"product","link":"https:\/\/scalex.com\/de\/product\/planwheelxlu3\/","title":{"rendered":"PlanWheel XLU3"},"content":{"rendered":"<p><span style=\"font-weight: 400;\">PlanWheel XLU ist das perfekte Werkzeug um Ma\u00dfstabsmessungen von Blaupausen, Karten und Entw\u00fcrfe zu entnehmen. Einfach den passenden Ma\u00dfstabsfaktor ausw\u00e4hlen und dann den PlanWheel \u00fcber den Entwurf rollen. Das Ergebnis wird sofort angezeigt. Das Ger\u00e4t ist tragbar und wird mit zwei AAA Batterien betrieben (mitgeliefert).<\/span> <span style=\"font-weight: 400;\">\u00a0Verbinden Sie es mit Ihrem Computer durch die optionale Interface-Ausstattung.<\/span><\/p>\n","protected":false},"excerpt":{"rendered":"<p>PlanWheel XLU ist das perfekte Werkzeug um Ma\u00dfstabsmessungen von Blaupausen, Karten und Entw\u00fcrfe zu entnehmen.<\/p>\n","protected":false},"featured_media":3148,"comment_status":"open","ping_status":"closed","template":"","meta":[],"_links":{"self":[{"href":"https:\/\/scalex.com\/de\/wp-json\/wp\/v2\/product\/3394"}],"collection":[{"href":"https:\/\/scalex.com\/de\/wp-json\/wp\/v2\/product"}],"about":[{"href":"https:\/\/scalex.com\/de\/wp-json\/wp\/v2\/types\/product"}],"replies":[{"embeddable":true,"href":"https:\/\/scalex.com\/de\/wp-json\/wp\/v2\/comments?post=3394"}],"wp:featuredmedia":[{"embeddable":true,"href":"https:\/\/scalex.com\/de\/wp-json\/wp\/v2\/media\/3148"}],"wp:attachment":[{"href":"https:\/\/scalex.com\/de\/wp-json\/wp\/v2\/media?parent=3394"}],"curies":[{"name":"wp","href":"https:\/\/api.w.org\/{rel}","templated":true}]}}