{"id":3395,"date":"2016-08-06T22:20:44","date_gmt":"2016-08-06T22:20:44","guid":{"rendered":"http:\/\/wearink.com\/scalex\/product\/planwheel-xlu2\/"},"modified":"2024-10-29T15:45:53","modified_gmt":"2024-10-29T15:45:53","slug":"planwheel-sa2","status":"publish","type":"product","link":"https:\/\/scalex.com\/de\/product\/planwheel-sa2\/","title":{"rendered":"PlanWheel SA2"},"content":{"rendered":"<p>Mit der Ausnahme des optionalen Computer Interfaces bietet Ihnen diese Version die gleichen Ausstattungen als der PlanWheel XLU. PlanWheel SA ist das perfekte Werkzeug um Ma\u00dfstabsmessungen von Blaupausen, Karten und Entw\u00fcrfen zu entnehmen. Einfach den passenden Ma\u00dfstabsfaktor ausw\u00e4hlen und dann den PlanWheel \u00fcber den Entwurf rollen. Das Ergebnis wird sofort angezeigt. Das Ger\u00e4t ist tragbar und wird mit zwei AAA Batterien betrieben (mitgeliefert).<\/p>\n<p><img decoding=\"async\" src=\"https:\/\/scalex.com\/images\/pwsa2.jpg\" \/><\/p>\n<p><span style=\"font-weight: 400;\">PlanWheel SA ist das perfekte Werkzeug um Ma\u00dfstabsmessungen von Blaupausen, Karten und Entw\u00fcrfen zu entnehmen. Einfach den passenden Ma\u00dfstabsfaktor ausw\u00e4hlen und dann den PlanWheel \u00fcber den Entwurf rollen. Das Ergebnis wird sofort angezeigt. Der <\/span><b>PlanWheel SA2<\/b><span style=\"font-weight: 400;\"> ist ein alleinstehendes Ger\u00e4t ohne Computer Interface.<\/span><\/p>\n<ul>\n<li style=\"font-weight: 400;\"><span style=\"font-weight: 400;\">111 eingebaute und tausende verf\u00fcgbare benutzerdefinierten Skalierungsfaktoren.<\/span> <span style=\"font-weight: 400;\">Enth\u00e4lt alle g\u00e4ngigen Skalen \u2013 metrische sowie \u00a0angloamerikanischen Ma\u00dfsysteme<\/span><\/li>\n<li style=\"font-weight: 400;\"><span style=\"font-weight: 400;\">Berechnen Sie automatisch die Skalierungsfaktoren von Verkleinern, Vergr\u00f6\u00dfern oder ungerade formatigen Zeichnungen<\/span><\/li>\n<li style=\"font-weight: 400;\"><span style=\"font-weight: 400;\">Misst in Zoll, Fu\u00df, Meter, Meilen, Zentimeter, Meter und Kilometer<\/span><\/li>\n<li style=\"font-weight: 400;\"><span style=\"font-weight: 400;\">Berechnet quadratische und kubische Dimensionen f\u00fcr regelm\u00e4\u00dfige Fl\u00e4chen und Volumen<\/span><\/li>\n<li style=\"font-weight: 400;\"><span style=\"font-weight: 400;\">Durch Z\u00e4hler und Addiertasten auf der Messpitze k\u00f6nnen Sie w\u00e4hrend der Messung Einheiten Z\u00e4hlen festgelegte L\u00e4ngen hinzuf\u00fcgen.<\/span><\/li>\n<li style=\"font-weight: 400;\"><span style=\"font-weight: 400;\">Erstellen, Speichern und Abrufen von zwei benutzerdefinierten Skalierungsfaktoren<\/span><\/li>\n<li style=\"font-weight: 400;\"><span style=\"font-weight: 400;\">Klar, h\u00f6rbare Ton zeigt Radbewegung an<\/span><\/li>\n<li style=\"font-weight: 400;\"><span style=\"font-weight: 400;\">Automatische Abschaltung erm\u00f6glicht eine lange Lebensdauer der Batterie<\/span><\/li>\n<li style=\"font-weight: 400;\"><span style=\"font-weight: 400;\">Niedrige Batterieanzeige<\/span><\/li>\n<\/ul>\n","protected":false},"excerpt":{"rendered":"<p>\u201dZeitlich Eingeschr\u00e4nktes Web-Angebot\u201c Mit Ausnahme von optionalen Computer Interface bietet Ihnen diese Version die gleichen Ausstattungen wie der PlanWheel XLU. PlanWheel SA ist das perfekte Werkzeug um Ma\u00dfstabsmessungen von Blaupausen,Karten und Entw\u00fcrfen zu entnehmen.<\/p>\n","protected":false},"featured_media":3149,"comment_status":"open","ping_status":"closed","template":"","meta":[],"_links":{"self":[{"href":"https:\/\/scalex.com\/de\/wp-json\/wp\/v2\/product\/3395"}],"collection":[{"href":"https:\/\/scalex.com\/de\/wp-json\/wp\/v2\/product"}],"about":[{"href":"https:\/\/scalex.com\/de\/wp-json\/wp\/v2\/types\/product"}],"replies":[{"embeddable":true,"href":"https:\/\/scalex.com\/de\/wp-json\/wp\/v2\/comments?post=3395"}],"wp:featuredmedia":[{"embeddable":true,"href":"https:\/\/scalex.com\/de\/wp-json\/wp\/v2\/media\/3149"}],"wp:attachment":[{"href":"https:\/\/scalex.com\/de\/wp-json\/wp\/v2\/media?parent=3395"}],"curies":[{"name":"wp","href":"https:\/\/api.w.org\/{rel}","templated":true}]}}