{"id":3396,"date":"2016-08-06T22:46:25","date_gmt":"2016-08-06T22:46:25","guid":{"rendered":"http:\/\/wearink.com\/scalex\/product\/mapwheel\/"},"modified":"2025-03-20T15:20:44","modified_gmt":"2025-03-20T15:20:44","slug":"mapwheel","status":"publish","type":"product","link":"https:\/\/scalex.com\/de\/product\/mapwheel\/","title":{"rendered":"MapWheel"},"content":{"rendered":"<p>Map Wheel bietet Ihnen eine einfache, schnelle und genaue M\u00f6glichkeit Distanzen auf Karten zu messen, dabei spielt es keine Rolle, ob es gerade Linien oder Kurven sind. Stellen Sie einfach einen auf die Karte passenden Ma\u00dfstab im MapWheel ein, rollen Sie dann das Ger\u00e4t \u00fcber die zu messende Route. Die Entfernung wird sofort auf dem Display angezeigt. Das Ger\u00e4t ist tragbar und wird mit zwei AAABatterien betrieben (Batterien sind inklusive).<\/p>\n<p>&nbsp;<\/p>\n<p><img decoding=\"async\" src=\"https:\/\/scalex.com\/images\/mw_1.jpg\" \/><\/p>\n<p>&nbsp;<\/p>\n","protected":false},"excerpt":{"rendered":"<p>Map Wheel bietet Ihnen eine einfache, schnelle und genaue M\u00f6glichkeit Distanzen auf Karten zu messen, dabei spielt es keine Rolle, ob es gerade Linien oder Kurven sind. Stellen Sie einfach einen auf die Karte passenden Ma\u00dfstab im MapWheel ein, rollen Sie dann das Ger\u00e4t \u00fcber die zu messende Route.<\/p>\n","protected":false},"featured_media":3151,"comment_status":"open","ping_status":"closed","template":"","meta":[],"_links":{"self":[{"href":"https:\/\/scalex.com\/de\/wp-json\/wp\/v2\/product\/3396"}],"collection":[{"href":"https:\/\/scalex.com\/de\/wp-json\/wp\/v2\/product"}],"about":[{"href":"https:\/\/scalex.com\/de\/wp-json\/wp\/v2\/types\/product"}],"replies":[{"embeddable":true,"href":"https:\/\/scalex.com\/de\/wp-json\/wp\/v2\/comments?post=3396"}],"wp:featuredmedia":[{"embeddable":true,"href":"https:\/\/scalex.com\/de\/wp-json\/wp\/v2\/media\/3151"}],"wp:attachment":[{"href":"https:\/\/scalex.com\/de\/wp-json\/wp\/v2\/media?parent=3396"}],"curies":[{"name":"wp","href":"https:\/\/api.w.org\/{rel}","templated":true}]}}