{"id":3397,"date":"2016-08-09T18:01:42","date_gmt":"2016-08-09T18:01:42","guid":{"rendered":"http:\/\/wearink.com\/scalex\/?post_type=product&#038;p=3144"},"modified":"2024-10-29T15:46:20","modified_gmt":"2024-10-29T15:46:20","slug":"scale-link-wireless-3","status":"publish","type":"product","link":"https:\/\/scalex.com\/de\/product\/scale-link-wireless-3\/","title":{"rendered":"Scale-Link Wireless 3"},"content":{"rendered":"<p>&nbsp;<\/p>\n<p>Zum ersten Mal ist es m\u00f6glich ohne l\u00e4stige Kabel den PlanWheel mit dem Computer zu verbinden um Daten auf die jeweilige Software zu \u00fcbertragen.<\/p>\n<p>Mit inbegriffen ist der PlanWheel Wireless, eine Ladestation mit USB Kabel,\u00a0Scalex\u00a0Ready Connect Software, aufladbare Batterien\u00a0\u00a0(2 AAA) und einen Schutzetui.\u00a0Scale-Link Wireless ist mit den meisten Windows Softwareversionen f\u00fcr Konstruktionsbegleitende Berechnungen wie Microsoft Excel kompatibel und das aus einer Entfernung von bis zu sieben ein halb Meter.<\/p>\n","protected":false},"excerpt":{"rendered":"<p>Zum ersten Mal ist es m\u00f6glich ohne l\u00e4stige Kabel den PlanWheel mit dem Computer zu verbinden um Daten auf die jeweilige Software zu \u00fcbertragen.<\/p>\n","protected":false},"featured_media":3155,"comment_status":"open","ping_status":"closed","template":"","meta":[],"_links":{"self":[{"href":"https:\/\/scalex.com\/de\/wp-json\/wp\/v2\/product\/3397"}],"collection":[{"href":"https:\/\/scalex.com\/de\/wp-json\/wp\/v2\/product"}],"about":[{"href":"https:\/\/scalex.com\/de\/wp-json\/wp\/v2\/types\/product"}],"replies":[{"embeddable":true,"href":"https:\/\/scalex.com\/de\/wp-json\/wp\/v2\/comments?post=3397"}],"wp:featuredmedia":[{"embeddable":true,"href":"https:\/\/scalex.com\/de\/wp-json\/wp\/v2\/media\/3155"}],"wp:attachment":[{"href":"https:\/\/scalex.com\/de\/wp-json\/wp\/v2\/media?parent=3397"}],"curies":[{"name":"wp","href":"https:\/\/api.w.org\/{rel}","templated":true}]}}