{"id":3399,"date":"2016-08-09T19:27:15","date_gmt":"2016-08-09T19:27:15","guid":{"rendered":"http:\/\/wearink.com\/scalex\/?post_type=product&#038;p=3150"},"modified":"2025-03-20T15:20:56","modified_gmt":"2025-03-20T15:20:56","slug":"protective-case","status":"publish","type":"product","link":"https:\/\/scalex.com\/de\/product\/protective-case\/","title":{"rendered":"Protective Case"},"content":{"rendered":"<p>Sonderanfertigung f\u00fcr die PlanWheel und MapWheel digitale Messinstrumente. Die aus schlagfesten ABS Material gemachte H\u00fclle bittet den richtigen Schutz f\u00fcr unterwegs oder auf der Arbeit. Die H\u00fclle ist au\u00dferdem mit einem zus\u00e4tzlichen Batteriefach ausgestattet.<\/p>\n","protected":false},"excerpt":{"rendered":"<p>Das Schutzetui ist f\u00fcr den PlanWheel XLU und den Map Wheel bestimmt. Es ist aus aufschlagsfesten ABS, und bietet Ihnen den n\u00f6tigen Schutz.<\/p>\n","protected":false},"featured_media":3160,"comment_status":"open","ping_status":"closed","template":"","meta":[],"_links":{"self":[{"href":"https:\/\/scalex.com\/de\/wp-json\/wp\/v2\/product\/3399"}],"collection":[{"href":"https:\/\/scalex.com\/de\/wp-json\/wp\/v2\/product"}],"about":[{"href":"https:\/\/scalex.com\/de\/wp-json\/wp\/v2\/types\/product"}],"replies":[{"embeddable":true,"href":"https:\/\/scalex.com\/de\/wp-json\/wp\/v2\/comments?post=3399"}],"wp:featuredmedia":[{"embeddable":true,"href":"https:\/\/scalex.com\/de\/wp-json\/wp\/v2\/media\/3160"}],"wp:attachment":[{"href":"https:\/\/scalex.com\/de\/wp-json\/wp\/v2\/media?parent=3399"}],"curies":[{"name":"wp","href":"https:\/\/api.w.org\/{rel}","templated":true}]}}