{"id":3400,"date":"2016-08-09T20:32:30","date_gmt":"2016-08-09T20:32:30","guid":{"rendered":"http:\/\/wearink.com\/scalex\/?post_type=product&#038;p=3153"},"modified":"2024-03-27T19:36:32","modified_gmt":"2024-03-27T19:36:32","slug":"planwheel-interface-kit","status":"publish","type":"product","link":"https:\/\/scalex.com\/de\/product\/planwheel-interface-kit\/","title":{"rendered":"PlanWheel Interface Kit"},"content":{"rendered":"<p>Schlie\u00dfen Sie mit dem Interface Kit Ihren PlanWheel an den USB Port Ihres Windows Computers an, um Ihre Messungen \u00fcbertragen. Ideal f\u00fcr den Gebrauch von Arbeitsbl\u00e4tter wie Microsoft Excel, aber auch in Verbindung mit Konstruktions-Kostenkalkulations-Software. Beinhaltet alle n\u00f6tigen Kabel.<\/p>\n","protected":false},"excerpt":{"rendered":"<p>Software: Um PlanWheel Messungen auf jedes Windows Programm zu \u00fcbertragen, benutzt man den USB Port Ihres Computers.<\/p>\n","protected":false},"featured_media":3159,"comment_status":"open","ping_status":"closed","template":"","meta":[],"_links":{"self":[{"href":"https:\/\/scalex.com\/de\/wp-json\/wp\/v2\/product\/3400"}],"collection":[{"href":"https:\/\/scalex.com\/de\/wp-json\/wp\/v2\/product"}],"about":[{"href":"https:\/\/scalex.com\/de\/wp-json\/wp\/v2\/types\/product"}],"replies":[{"embeddable":true,"href":"https:\/\/scalex.com\/de\/wp-json\/wp\/v2\/comments?post=3400"}],"wp:featuredmedia":[{"embeddable":true,"href":"https:\/\/scalex.com\/de\/wp-json\/wp\/v2\/media\/3159"}],"wp:attachment":[{"href":"https:\/\/scalex.com\/de\/wp-json\/wp\/v2\/media?parent=3400"}],"curies":[{"name":"wp","href":"https:\/\/api.w.org\/{rel}","templated":true}]}}